{"id":12036,"date":"2025-11-11T14:04:00","date_gmt":"2025-11-11T14:04:00","guid":{"rendered":"https:\/\/halblang.eu\/?post_type=product&#038;p=12036"},"modified":"2026-03-20T09:01:38","modified_gmt":"2026-03-20T09:01:38","slug":"regalsystem-blendend-3-esche-akustikfilz","status":"publish","type":"product","link":"https:\/\/halblang.eu\/en\/product\/regalsystem-blendend-3-esche-akustikfilz\/","title":{"rendered":"Regal Blendend 3 | Esche | Akustikfilz"},"content":{"rendered":"<h3><img fetchpriority=\"high\" decoding=\"async\" class=\"alignnone wp-image-12018 size-medium\" src=\"https:\/\/halblang.eu\/wp-content\/uploads\/2025\/11\/DSC_0005-square-300x300.jpg\" alt=\"\" width=\"300\" height=\"300\" srcset=\"https:\/\/halblang.eu\/wp-content\/uploads\/2025\/11\/DSC_0005-square-300x300.jpg 300w, https:\/\/halblang.eu\/wp-content\/uploads\/2025\/11\/DSC_0005-square-1024x1024.jpg 1024w, https:\/\/halblang.eu\/wp-content\/uploads\/2025\/11\/DSC_0005-square-150x150.jpg 150w, https:\/\/halblang.eu\/wp-content\/uploads\/2025\/11\/DSC_0005-square-768x768.jpg 768w, https:\/\/halblang.eu\/wp-content\/uploads\/2025\/11\/DSC_0005-square-1536x1536.jpg 1536w, https:\/\/halblang.eu\/wp-content\/uploads\/2025\/11\/DSC_0005-square-2048x2048.jpg 2048w, https:\/\/halblang.eu\/wp-content\/uploads\/2025\/11\/DSC_0005-square-12x12.jpg 12w, https:\/\/halblang.eu\/wp-content\/uploads\/2025\/11\/DSC_0005-square-1140x1140.jpg 1140w, https:\/\/halblang.eu\/wp-content\/uploads\/2025\/11\/DSC_0005-square-920x920.jpg 920w, https:\/\/halblang.eu\/wp-content\/uploads\/2025\/11\/DSC_0005-square-575x575.jpg 575w, https:\/\/halblang.eu\/wp-content\/uploads\/2025\/11\/DSC_0005-square-380x380.jpg 380w, https:\/\/halblang.eu\/wp-content\/uploads\/2025\/11\/DSC_0005-square-420x420.jpg 420w, https:\/\/halblang.eu\/wp-content\/uploads\/2025\/11\/DSC_0005-square-800x800.jpg 800w, https:\/\/halblang.eu\/wp-content\/uploads\/2025\/11\/DSC_0005-square-100x100.jpg 100w\" sizes=\"(max-width: 300px) 100vw, 300px\" \/><\/h3>\n<h3><span style=\"color: #000000;\">Regalsystem Blendend Produktfamilie<\/span><\/h3>\n<p><span style=\"color: #000000;\">Entdecke unser Regalsystem aus unserer Produktfamilie BLENDEND. Dabei handelt es sich um eine M\u00f6belfamilie, die nachhaltig, robust aber zugleich auch mobil und wandelbar ist, und so seinen Besitzer lange durchs Leben begleiten kann.<\/span><br \/>\n<span style=\"color: #000000;\">The design is inspired by both minimalist and functional Japandi styles. Combined with colourful panels and add-ons, this styles is reinterpreted to set accents or even create completely new styles. The furniture pieces convince with their high-quality, regional production and their numerous customisation options, which allow you to design your living space as needed.<\/span><br \/>\n<span style=\"color: #000000;\">The product family currently consists of a lowboard and various shelves and will grow continuously with further furniture and matching accessories.<\/span><\/p>\n<h3><\/h3>\n<h3><span style=\"color: #000000;\">Regional production<\/span><\/h3>\n<div class=\"PMt77\">\n<div class=\"_3sysY\" data-uuid=\"7e368614-fc7b-4259-bb84-077aea224591\">\n<div class=\"_2v3OR\"><span style=\"color: #000000;\">Regionally and sustainably produced in Germany.<\/span><br \/>\n<span style=\"color: #000000;\">Das Regalsystem besteht aus Eschenholz, einer sehr robusten und langlebigen Holzart.<br \/>\n<\/span><span style=\"color: #000000;\">The wood has been treated with natural oils. No varnishes, adhesives or dyes.<\/span><\/div>\n<\/div>\n<\/div>\n<div><\/div>\n<div><\/div>\n<div>Da es sich um ein Naturprodukt handelt hat jedes M\u00f6belst\u00fcck seine individuelle Maserung und Farbabstufung. Die dargestellten Bilder dienen als Orientierung stellen aber nicht das endg\u00fcltige M\u00f6belst\u00fcck dar. Hier werden Maserung und Farbe individuell etwas abweichen. Kontaktiere uns auch gerne bei Fragen.<\/div>\n<div>\n<div class=\"PMt77\">\n<div class=\"_3sysY\" data-uuid=\"633ab87b-6c8e-4874-aca1-6a3442de55ee\">\n<div class=\"_1o3dj\">\n<div class=\"_2fS9E\" data-testid=\"static-text-element\">\n<div class=\"_8xAV3\">\n<div class=\"\">\n<div class=\"_1o3dj\">\n<div class=\"_2fS9E\" data-testid=\"static-text-element\">\n<div class=\"_8xAV3\">\n<div class=\"\">\n<h3><\/h3>\n<h3><span id=\"Akustikfilz\">Akustikfilz<\/span><\/h3>\n<\/div>\n<\/div>\n<\/div>\n<\/div>\n<div class=\"_2v3OR\">Die Blenden bestehen aus recyceltem PET-Filz. Dies ist nicht nur nachhaltig, sondern verbessert auch die Raumakustik.<\/div>\n<div><\/div>\n<h3><span style=\"color: #000000;\">Assembly &amp; Care<\/span><\/h3>\n<\/div>\n<\/div>\n<\/div>\n<\/div>\n<div class=\"_2v3OR\"><span style=\"color: #000000;\">Das Regalsystem l\u00e4sst sich werkzeuglos auf- und abbauen. Die St\u00e4be in die Bretter stecken und in wenigen Minuten verschrauben.<br \/>\n<\/span><span style=\"color: #000000;\">The panels can be inserted in different positions as desired.<br \/>\n<\/span><span style=\"color: #000000;\">The flat pack size makes the shelf easy to transport.<\/span><\/div>\n<div class=\"_2v3OR\"><span style=\"color: #000000;\">We recommend fixing the shelf to the wall with the enclosed bracket to protect it from tipping over.<\/span><\/div>\n<div class=\"_2v3OR\"><span style=\"color: #000000;\"><br \/>\n<\/span><strong>Holz Pflege<br \/>\n<\/strong><span style=\"color: #000000;\">Es handelt sich um nat\u00fcrliches Holz, das sich mit der Zeit durch UV-Strahlung leicht verf\u00e4rben kann. Dies ist ein nat\u00fcrlicher Prozess und kein Qualit\u00e4tsmangel.<br \/>\n<\/span><span style=\"color: #000000;\">To keep the wood beautiful for a long time, we recommend oiling the furniture regularly.<\/span><\/div>\n<div class=\"_2v3OR\"><\/div>\n<\/div>\n<\/div>\n<\/div>\n<div>\n<h3>philosophy<\/h3>\n<p><a href=\"https:\/\/halblang.eu\/en\/philosophie\/\">here<\/a> mehr erfahren<\/p>\n<\/div>","protected":false},"excerpt":{"rendered":"<p>niedrigster Preis in den letzten 30 Tagen: 975,00\u20ac<\/p>\n<p>Mobiles, minimalistisches Regal aus Esche Massivholz mit Schiebeblenden aus Akustikfilz<\/p>\n<p>As our solid wood furniture is a natural product, each piece is unique and characteristic. The product illustrations serve as a guide, but in detail, the grain, knots and colour shading of each piece of furniture are individual and differences cannot be avoided.<\/p>","protected":false},"featured_media":12033,"comment_status":"closed","ping_status":"closed","template":"","meta":{"iawp_total_views":16},"product_brand":[],"product_cat":[60],"product_tag":[82,36,83,120,32,121,35,33,81,84,85,34,80,31],"class_list":{"0":"post-12036","1":"product","2":"type-product","3":"status-publish","4":"has-post-thumbnail","6":"product_cat-regale","7":"product_tag-blenden","8":"product_tag-esche","9":"product_tag-farben","10":"product_tag-halblang","11":"product_tag-hergestellt-in-bayern","12":"product_tag-machmalhalblang","13":"product_tag-massivholz","14":"product_tag-mobel","15":"product_tag-mobil","16":"product_tag-modular","17":"product_tag-nachhaltig","18":"product_tag-regal","19":"product_tag-regalsystem","20":"product_tag-regional","21":"product_shipping_class-versand-moebel-spedition","23":"first","24":"instock","25":"sale","26":"taxable","27":"shipping-taxable","28":"purchasable","29":"product-type-simple"},"_links":{"self":[{"href":"https:\/\/halblang.eu\/en\/wp-json\/wp\/v2\/product\/12036","targetHints":{"allow":["GET"]}}],"collection":[{"href":"https:\/\/halblang.eu\/en\/wp-json\/wp\/v2\/product"}],"about":[{"href":"https:\/\/halblang.eu\/en\/wp-json\/wp\/v2\/types\/product"}],"replies":[{"embeddable":true,"href":"https:\/\/halblang.eu\/en\/wp-json\/wp\/v2\/comments?post=12036"}],"version-history":[{"count":3,"href":"https:\/\/halblang.eu\/en\/wp-json\/wp\/v2\/product\/12036\/revisions"}],"predecessor-version":[{"id":12307,"href":"https:\/\/halblang.eu\/en\/wp-json\/wp\/v2\/product\/12036\/revisions\/12307"}],"wp:featuredmedia":[{"embeddable":true,"href":"https:\/\/halblang.eu\/en\/wp-json\/wp\/v2\/media\/12033"}],"wp:attachment":[{"href":"https:\/\/halblang.eu\/en\/wp-json\/wp\/v2\/media?parent=12036"}],"wp:term":[{"taxonomy":"product_brand","embeddable":true,"href":"https:\/\/halblang.eu\/en\/wp-json\/wp\/v2\/product_brand?post=12036"},{"taxonomy":"product_cat","embeddable":true,"href":"https:\/\/halblang.eu\/en\/wp-json\/wp\/v2\/product_cat?post=12036"},{"taxonomy":"product_tag","embeddable":true,"href":"https:\/\/halblang.eu\/en\/wp-json\/wp\/v2\/product_tag?post=12036"}],"curies":[{"name":"wp","href":"https:\/\/api.w.org\/{rel}","templated":true}]}}