{"id":8680,"date":"2023-10-21T09:28:19","date_gmt":"2023-10-21T09:28:19","guid":{"rendered":"https:\/\/halblang.eu\/?post_type=product&#038;p=8680"},"modified":"2026-03-20T12:11:27","modified_gmt":"2026-03-20T12:11:27","slug":"lowboard-blendend-eiche-acryl-iii","status":"publish","type":"product","link":"https:\/\/halblang.eu\/en\/product\/lowboard-blendend-eiche-acryl-iii\/","title":{"rendered":"Lowboard Blendend | Esche | Acryl wei\u00df II"},"content":{"rendered":"<h2><img fetchpriority=\"high\" decoding=\"async\" class=\"alignnone wp-image-8815 size-full\" src=\"https:\/\/halblang.eu\/wp-content\/uploads\/2023\/10\/halblang-blendend-regal-lowboard-weiss-acryl-esche-natur-massivholz-hell-plexiglas-minimalistisch.jpg\" alt=\"\" width=\"1000\" height=\"1000\" srcset=\"https:\/\/halblang.eu\/wp-content\/uploads\/2023\/10\/halblang-blendend-regal-lowboard-weiss-acryl-esche-natur-massivholz-hell-plexiglas-minimalistisch.jpg 1000w, https:\/\/halblang.eu\/wp-content\/uploads\/2023\/10\/halblang-blendend-regal-lowboard-weiss-acryl-esche-natur-massivholz-hell-plexiglas-minimalistisch-420x420.jpg 420w, https:\/\/halblang.eu\/wp-content\/uploads\/2023\/10\/halblang-blendend-regal-lowboard-weiss-acryl-esche-natur-massivholz-hell-plexiglas-minimalistisch-100x100.jpg 100w, https:\/\/halblang.eu\/wp-content\/uploads\/2023\/10\/halblang-blendend-regal-lowboard-weiss-acryl-esche-natur-massivholz-hell-plexiglas-minimalistisch-800x800.jpg 800w, https:\/\/halblang.eu\/wp-content\/uploads\/2023\/10\/halblang-blendend-regal-lowboard-weiss-acryl-esche-natur-massivholz-hell-plexiglas-minimalistisch-300x300.jpg 300w, https:\/\/halblang.eu\/wp-content\/uploads\/2023\/10\/halblang-blendend-regal-lowboard-weiss-acryl-esche-natur-massivholz-hell-plexiglas-minimalistisch-150x150.jpg 150w, https:\/\/halblang.eu\/wp-content\/uploads\/2023\/10\/halblang-blendend-regal-lowboard-weiss-acryl-esche-natur-massivholz-hell-plexiglas-minimalistisch-768x768.jpg 768w, https:\/\/halblang.eu\/wp-content\/uploads\/2023\/10\/halblang-blendend-regal-lowboard-weiss-acryl-esche-natur-massivholz-hell-plexiglas-minimalistisch-12x12.jpg 12w, https:\/\/halblang.eu\/wp-content\/uploads\/2023\/10\/halblang-blendend-regal-lowboard-weiss-acryl-esche-natur-massivholz-hell-plexiglas-minimalistisch-920x920.jpg 920w, https:\/\/halblang.eu\/wp-content\/uploads\/2023\/10\/halblang-blendend-regal-lowboard-weiss-acryl-esche-natur-massivholz-hell-plexiglas-minimalistisch-575x575.jpg 575w, https:\/\/halblang.eu\/wp-content\/uploads\/2023\/10\/halblang-blendend-regal-lowboard-weiss-acryl-esche-natur-massivholz-hell-plexiglas-minimalistisch-380x380.jpg 380w\" sizes=\"(max-width: 1000px) 100vw, 1000px\" \/><\/h2>\n<h2>Lowboard wei\u00df<\/h2>\n<h3><span style=\"color: #000000;\">Blendend Product family<\/span><\/h3>\n<p><span style=\"color: #000000;\">Discover our shelf from our BLENDEND product family. This is a family of furniture that is sustainable, robust but at the same time mobile and changeable, and can thus accompany its owner through life for a long time.<\/span><br \/>\n<span style=\"color: #000000;\">The design is inspired by both minimalist and functional Japandi styles. Combined with colourful panels and add-ons, this styles is reinterpreted to set accents or even create completely new styles. The furniture pieces convince with their high-quality, regional production and their numerous customisation options, which allow you to design your living space as needed.<\/span><br \/>\n<span style=\"color: #000000;\">The product family currently consists of a lowboard and various shelves and will grow continuously with further furniture and matching accessories.<\/span><\/p>\n<div style=\"width: 1140px;\" class=\"wp-video\"><video class=\"wp-video-shortcode\" id=\"video-8680-1\" width=\"1140\" height=\"641\" preload=\"metadata\" controls=\"controls\"><source type=\"video\/mp4\" src=\"https:\/\/halblang.eu\/wp-content\/uploads\/2023\/06\/halblang-Blendend-explorionsansicht-hp.mp4?_=1\" \/><a href=\"https:\/\/halblang.eu\/wp-content\/uploads\/2023\/06\/halblang-Blendend-explorionsansicht-hp.mp4\">https:\/\/halblang.eu\/wp-content\/uploads\/2023\/06\/halblang-Blendend-explorionsansicht-hp.mp4<\/a><\/video><\/div>\n<h3><\/h3>\n<h3><span style=\"color: #000000;\">Regional production<\/span><\/h3>\n<div class=\"PMt77\">\n<div class=\"_3sysY\" data-uuid=\"7e368614-fc7b-4259-bb84-077aea224591\">\n<div class=\"_2v3OR\"><span style=\"color: #000000;\">Regionally and sustainably produced in Germany.<\/span><br \/>\n<span style=\"color: #000000;\">Das Lowboard rot besteht aus Eschenholz, einer sehr robusten und langlebigen Holzart.<br \/>\n<\/span><span style=\"color: #000000;\">The wood has been treated with natural oils. No varnishes, adhesives or dyes.<\/span><\/div>\n<\/div>\n<\/div>\n<div><\/div>\n<div><\/div>\n<div>Da es sich um ein Naturprodukt handelt hat jedes M\u00f6belst\u00fcck seine individuelle Maserung und Farbabstufung. Die dargestellten Bilder dienen als Orientierung, stellen aber nicht das endg\u00fcltige M\u00f6belst\u00fcck dar. Hier werden Maserung und Farbe individuell etwas abweichen. Kontaktiere uns auch gerne bei Fragen.<\/div>\n<div><\/div>\n<div><\/div>\n<div>\n<div class=\"PMt77\">\n<div class=\"_3sysY\" data-uuid=\"633ab87b-6c8e-4874-aca1-6a3442de55ee\">\n<div class=\"_1o3dj\">\n<div class=\"_2fS9E\" data-testid=\"static-text-element\">\n<div class=\"_8xAV3\">\n<div class=\"\">\n<div style=\"width: 1140px;\" class=\"wp-video\"><video class=\"wp-video-shortcode\" id=\"video-8680-2\" width=\"1140\" height=\"641\" preload=\"metadata\" controls=\"controls\"><source type=\"video\/mp4\" src=\"https:\/\/halblang.eu\/wp-content\/uploads\/2023\/07\/halblang-Blendend-720a.mp4?_=2\" \/><a href=\"https:\/\/halblang.eu\/wp-content\/uploads\/2023\/07\/halblang-Blendend-720a.mp4\">https:\/\/halblang.eu\/wp-content\/uploads\/2023\/07\/halblang-Blendend-720a.mp4<\/a><\/video><\/div>\n<h3><span style=\"color: #000000;\">Assembly &amp; Care<\/span><\/h3>\n<\/div>\n<\/div>\n<\/div>\n<\/div>\n<div class=\"_2v3OR\"><span style=\"color: #000000;\">Das Lowboard wei\u00df l\u00e4sst sich werkzeuglos auf- und abbauen. Die St\u00e4be in die Bretter stecken und in wenigen Minuten verschrauben.<br \/>\n<\/span><span style=\"color: #000000;\">The panels can be inserted in different positions as desired.<br \/>\n<\/span><span style=\"color: #000000;\">The flat pack size makes the shelf easy to transport.<\/span><\/div>\n<\/div>\n<\/div>\n<div class=\"_3UcEm PMt77\">\n<div class=\"_2GM33\">\n<div class=\"_2fS9E\" data-testid=\"static-text-element\">\n<div class=\"_8xAV3\">\n<div class=\"\">\n<p><strong>Holz Pflege<\/strong><\/p>\n<p><span style=\"color: #000000;\">Es handelt sich um nat\u00fcrliches Holz, das sich mit der Zeit durch UV-Strahlung leicht verf\u00e4rben kann. Dies ist ein nat\u00fcrlicher Prozess und kein Qualit\u00e4tsmangel.<br \/>\n<\/span><span style=\"color: #000000;\">To keep the wood beautiful for a long time, we recommend oiling the furniture regularly.<\/span><\/p>\n<p><strong>Plexiglas Pflege<\/strong><\/p>\n<p>Acrylglas niemals trocken abwischen. Dadurch k\u00f6nnen Kratzer an der Oberfl\u00e4che entstehen. Au\u00dferdem l\u00e4dt sich die Platte elektrostatisch auf und zieht Staub an.<br \/>\nVerstaubte Oberfl\u00e4chen k\u00f6nnen mit Wasser, dem etwas Geschirrsp\u00fclmittel beigef\u00fcgt ist, und einem weichen, fusselfreien Tuch oder Schwamm gereinigt werden. Danach noch einmal leicht feucht nachwischen.<br \/>\nEin antistatischer Kunststoffreiniger verhindert, dass das Acrylglas Staub anzieht und sich elektrostatisch aufl\u00e4dt. Die Platte einfach mit dem antistatischen Kunststoffreiniger bespr\u00fchen und\u00a0 mit einem weichen, fusselfreien Tuch nachwischen, aber nicht trockenreiben. Die staubabweisende Wirkung bleibt \u00fcber l\u00e4ngere Zeit erhalten.<br \/>\nBei st\u00e4rkeren, insbesondere fettigen Verschmutzungen k\u00f6nnen Sie einen Kunststoff-Intensivreiniger verwenden. M\u00f6glich ist hierf\u00fcr auch benzolfreies Reinbenzin (Waschbenzin, Leichtbenzin) oder Isopropanol. Wichtig ist, dass das Reinigungsmittel kein Benzol, Ethanol, Alkohol, organische Stoffe oder Verd\u00fcnnungen enth\u00e4lt. Diese k\u00f6nnen das Acrylglas besch\u00e4digen.<\/p>\n<p>&nbsp;<\/p>\n<h3>philosophy<\/h3>\n<p><a href=\"https:\/\/halblang.eu\/en\/philosophie\/\">here<\/a> mehr erfahren<\/p>\n<\/div>\n<\/div>\n<\/div>\n<\/div>\n<\/div>\n<\/div>","protected":false},"excerpt":{"rendered":"<p>niedrigster Preis in den letzten 30 Tagen: 650,00\u20ac<\/p>\n<p>Mobile, minimalist shelf in solid ash wood with sliding panels in Plexiglas<\/p>\n<p>As our solid wood furniture is a natural product, each piece is unique and characteristic. The product illustrations serve as a guide, but in detail, the grain, knots and colour shading of each piece of furniture are individual and differences cannot be avoided.<\/p>","protected":false},"featured_media":10899,"comment_status":"closed","ping_status":"closed","template":"","meta":{"iawp_total_views":5},"product_brand":[],"product_cat":[60],"product_tag":[82,36,83,120,32,121,35,33,81,84,85,34,80,31],"class_list":{"0":"post-8680","1":"product","2":"type-product","3":"status-publish","4":"has-post-thumbnail","6":"product_cat-regale","7":"product_tag-blenden","8":"product_tag-esche","9":"product_tag-farben","10":"product_tag-halblang","11":"product_tag-hergestellt-in-bayern","12":"product_tag-machmalhalblang","13":"product_tag-massivholz","14":"product_tag-mobel","15":"product_tag-mobil","16":"product_tag-modular","17":"product_tag-nachhaltig","18":"product_tag-regal","19":"product_tag-regalsystem","20":"product_tag-regional","21":"product_shipping_class-versand-moebel","23":"first","24":"instock","25":"sale","26":"taxable","27":"shipping-taxable","28":"purchasable","29":"product-type-simple"},"_links":{"self":[{"href":"https:\/\/halblang.eu\/en\/wp-json\/wp\/v2\/product\/8680","targetHints":{"allow":["GET"]}}],"collection":[{"href":"https:\/\/halblang.eu\/en\/wp-json\/wp\/v2\/product"}],"about":[{"href":"https:\/\/halblang.eu\/en\/wp-json\/wp\/v2\/types\/product"}],"replies":[{"embeddable":true,"href":"https:\/\/halblang.eu\/en\/wp-json\/wp\/v2\/comments?post=8680"}],"version-history":[{"count":11,"href":"https:\/\/halblang.eu\/en\/wp-json\/wp\/v2\/product\/8680\/revisions"}],"predecessor-version":[{"id":10935,"href":"https:\/\/halblang.eu\/en\/wp-json\/wp\/v2\/product\/8680\/revisions\/10935"}],"wp:featuredmedia":[{"embeddable":true,"href":"https:\/\/halblang.eu\/en\/wp-json\/wp\/v2\/media\/10899"}],"wp:attachment":[{"href":"https:\/\/halblang.eu\/en\/wp-json\/wp\/v2\/media?parent=8680"}],"wp:term":[{"taxonomy":"product_brand","embeddable":true,"href":"https:\/\/halblang.eu\/en\/wp-json\/wp\/v2\/product_brand?post=8680"},{"taxonomy":"product_cat","embeddable":true,"href":"https:\/\/halblang.eu\/en\/wp-json\/wp\/v2\/product_cat?post=8680"},{"taxonomy":"product_tag","embeddable":true,"href":"https:\/\/halblang.eu\/en\/wp-json\/wp\/v2\/product_tag?post=8680"}],"curies":[{"name":"wp","href":"https:\/\/api.w.org\/{rel}","templated":true}]}}